{"id":13626,"date":"2024-07-16T13:20:42","date_gmt":"2024-07-16T10:20:42","guid":{"rendered":"https:\/\/bathhere.com\/?post_type=product&#038;p=13626"},"modified":"2024-07-16T13:21:12","modified_gmt":"2024-07-16T10:21:12","slug":"hydrotherapy-dus-basligi-matt-brushed-copper-2","status":"publish","type":"product","link":"https:\/\/bathhere.com\/?product=hydrotherapy-dus-basligi-matt-brushed-copper-2","title":{"rendered":"Hydrotherapy  Du\u015f Ba\u015fl\u0131\u011f\u0131  Matt Brushed Copper"},"content":{"rendered":"<h1><a style=\"text-decoration: none;color: transparent\" href=\"https:\/\/www.gruppotres.it\/arredo-bagno\/vasche\/vera.html\" target=\"_blank\" rel=\"noopener\"><span style=\"vertical-align: inherit\"><span style=\"vertical-align: inherit\"><span style=\"vertical-align: inherit\"><span style=\"vertical-align: inherit\"><span style=\"vertical-align: inherit\"><span style=\"vertical-align: inherit\">A\u011eA\u00c7 VERA 150x72x55y<\/span><\/span><\/span><\/span><\/span><\/span><\/a><\/h1>\n","protected":false},"excerpt":{"rendered":"<p>A\u011eA\u00c7 VERA 150x72x55y<\/p>\n","protected":false},"featured_media":13616,"comment_status":"open","ping_status":"closed","template":"","meta":{"site-sidebar-layout":"default","site-content-layout":"default","ast-site-content-layout":"default","site-content-style":"default","site-sidebar-style":"default","ast-global-header-display":"","ast-banner-title-visibility":"","ast-main-header-display":"","ast-hfb-above-header-display":"","ast-hfb-below-header-display":"","ast-hfb-mobile-header-display":"","site-post-title":"","ast-breadcrumbs-content":"","ast-featured-img":"","footer-sml-layout":"","ast-disable-related-posts":"","theme-transparent-header-meta":"default","adv-header-id-meta":"","stick-header-meta":"","header-above-stick-meta":"","header-main-stick-meta":"","header-below-stick-meta":"","astra-migrate-meta-layouts":"set","ast-page-background-enabled":"default","ast-page-background-meta":{"desktop":{"background-color":"var(--ast-global-color-4)","background-image":"","background-repeat":"repeat","background-position":"center center","background-size":"auto","background-attachment":"scroll","background-type":"","background-media":"","overlay-type":"","overlay-color":"","overlay-opacity":"","overlay-gradient":""},"tablet":{"background-color":"","background-image":"","background-repeat":"repeat","background-position":"center center","background-size":"auto","background-attachment":"scroll","background-type":"","background-media":"","overlay-type":"","overlay-color":"","overlay-opacity":"","overlay-gradient":""},"mobile":{"background-color":"","background-image":"","background-repeat":"repeat","background-position":"center center","background-size":"auto","background-attachment":"scroll","background-type":"","background-media":"","overlay-type":"","overlay-color":"","overlay-opacity":"","overlay-gradient":""}},"ast-content-background-meta":{"desktop":{"background-color":"var(--ast-global-color-5)","background-image":"","background-repeat":"repeat","background-position":"center center","background-size":"auto","background-attachment":"scroll","background-type":"","background-media":"","overlay-type":"","overlay-color":"","overlay-opacity":"","overlay-gradient":""},"tablet":{"background-color":"var(--ast-global-color-5)","background-image":"","background-repeat":"repeat","background-position":"center center","background-size":"auto","background-attachment":"scroll","background-type":"","background-media":"","overlay-type":"","overlay-color":"","overlay-opacity":"","overlay-gradient":""},"mobile":{"background-color":"var(--ast-global-color-5)","background-image":"","background-repeat":"repeat","background-position":"center center","background-size":"auto","background-attachment":"scroll","background-type":"","background-media":"","overlay-type":"","overlay-color":"","overlay-opacity":"","overlay-gradient":""}},"_links_to":"","_links_to_target":""},"pwb-brand":[5294],"product_brand":[],"product_cat":[5527],"product_tag":[5297],"berocket_brand":[5293],"class_list":{"0":"post-13626","1":"product","2":"type-product","3":"status-publish","4":"has-post-thumbnail","6":"pwb-brand-maier","7":"product_cat-hydrotherapy","8":"product_tag-maier","9":"berocket_brand-maier","10":"desktop-align-left","11":"tablet-align-left","12":"mobile-align-left","14":"first","15":"instock","16":"shipping-taxable","17":"product-type-simple"},"aioseo_notices":[],"yoast_head":"<!-- This site is optimized with the Yoast SEO Premium plugin v22.9 (Yoast SEO v27.4) - https:\/\/yoast.com\/product\/yoast-seo-premium-wordpress\/ -->\n<title>Hydrotherapy Du\u015f Ba\u015fl\u0131\u011f\u0131 Matt Brushed Copper - Bathhere online shopping<\/title>\n<meta name=\"description\" content=\"Treesse&#039;nin Vera oval k\u00fcveti, sa\u011flam y\u00fczeyden yap\u0131lm\u0131\u015f ba\u011f\u0131ms\u0131z bir k\u00fcvettir. Zarif, ba\u011f\u0131ms\u0131z bir k\u00fcvettir; ola\u011fan\u00fcst\u00fc g\u00f6rsel dengeye sahip estetik bir \u00e7\u00f6z\u00fcmd\u00fcr ve mevcut bir\u00e7ok y\u00fczey se\u00e7ene\u011fi sayesinde her t\u00fcrl\u00fc banyoya entegre edilebilir. Kompakt boyutlar\u0131 sayesinde k\u00fc\u00e7\u00fck banyolar i\u00e7in de uygundur.Mat beyaz, parlak veya renkli d\u0131\u015f kaplamal\u0131 versiyonlar\u0131 mevcuttur.\" \/>\n<meta name=\"robots\" content=\"index, follow, max-snippet:-1, max-image-preview:large, max-video-preview:-1\" \/>\n<link rel=\"canonical\" href=\"https:\/\/bathhere.com\/?product=hydrotherapy-dus-basligi-matt-brushed-copper-2\" \/>\n<meta property=\"og:locale\" content=\"en_US\" \/>\n<meta property=\"og:type\" content=\"article\" \/>\n<meta property=\"og:title\" content=\"Hydrotherapy Du\u015f Ba\u015fl\u0131\u011f\u0131 Matt Brushed Copper\" \/>\n<meta property=\"og:description\" content=\"Treesse&#039;nin Vera oval k\u00fcveti, sa\u011flam y\u00fczeyden yap\u0131lm\u0131\u015f ba\u011f\u0131ms\u0131z bir k\u00fcvettir. Zarif, ba\u011f\u0131ms\u0131z bir k\u00fcvettir; ola\u011fan\u00fcst\u00fc g\u00f6rsel dengeye sahip estetik bir \u00e7\u00f6z\u00fcmd\u00fcr ve mevcut bir\u00e7ok y\u00fczey se\u00e7ene\u011fi sayesinde her t\u00fcrl\u00fc banyoya entegre edilebilir. Kompakt boyutlar\u0131 sayesinde k\u00fc\u00e7\u00fck banyolar i\u00e7in de uygundur.Mat beyaz, parlak veya renkli d\u0131\u015f kaplamal\u0131 versiyonlar\u0131 mevcuttur.\" \/>\n<meta property=\"og:url\" content=\"https:\/\/bathhere.com\/?product=hydrotherapy-dus-basligi-matt-brushed-copper-2\" \/>\n<meta property=\"og:site_name\" content=\"Bathhere online shopping\" \/>\n<meta property=\"article:modified_time\" content=\"2024-07-16T10:21:12+00:00\" \/>\n<meta property=\"og:image\" content=\"https:\/\/bathhere.com\/wp-content\/uploads\/2024\/07\/Griferias_Maier_Hydrotheraphy_60_hydro_ambient_1.jpg\" \/>\n\t<meta property=\"og:image:width\" content=\"1080\" \/>\n\t<meta property=\"og:image:height\" content=\"1380\" \/>\n\t<meta property=\"og:image:type\" content=\"image\/jpeg\" \/>\n<meta name=\"twitter:card\" content=\"summary_large_image\" \/>\n<meta name=\"twitter:label1\" content=\"Est. reading time\" \/>\n\t<meta name=\"twitter:data1\" content=\"1 minute\" \/>\n<script type=\"application\/ld+json\" class=\"yoast-schema-graph\">{\"@context\":\"https:\\\/\\\/schema.org\",\"@graph\":[{\"@type\":\"WebPage\",\"@id\":\"https:\\\/\\\/bathhere.com\\\/?product=hydrotherapy-dus-basligi-matt-brushed-copper-2\",\"url\":\"https:\\\/\\\/bathhere.com\\\/?product=hydrotherapy-dus-basligi-matt-brushed-copper-2\",\"name\":\"Hydrotherapy Du\u015f Ba\u015fl\u0131\u011f\u0131 Matt Brushed Copper - Bathhere online shopping\",\"isPartOf\":{\"@id\":\"https:\\\/\\\/bathhere.com\\\/#website\"},\"primaryImageOfPage\":{\"@id\":\"https:\\\/\\\/bathhere.com\\\/?product=hydrotherapy-dus-basligi-matt-brushed-copper-2#primaryimage\"},\"image\":{\"@id\":\"https:\\\/\\\/bathhere.com\\\/?product=hydrotherapy-dus-basligi-matt-brushed-copper-2#primaryimage\"},\"thumbnailUrl\":\"https:\\\/\\\/bathhere.com\\\/wp-content\\\/uploads\\\/2024\\\/07\\\/Griferias_Maier_Hydrotheraphy_60_hydro_ambient_1.jpg\",\"datePublished\":\"2024-07-16T10:20:42+00:00\",\"dateModified\":\"2024-07-16T10:21:12+00:00\",\"description\":\"Treesse'nin Vera oval k\u00fcveti, sa\u011flam y\u00fczeyden yap\u0131lm\u0131\u015f ba\u011f\u0131ms\u0131z bir k\u00fcvettir. Zarif, ba\u011f\u0131ms\u0131z bir k\u00fcvettir; ola\u011fan\u00fcst\u00fc g\u00f6rsel dengeye sahip estetik bir \u00e7\u00f6z\u00fcmd\u00fcr ve mevcut bir\u00e7ok y\u00fczey se\u00e7ene\u011fi sayesinde her t\u00fcrl\u00fc banyoya entegre edilebilir. Kompakt boyutlar\u0131 sayesinde k\u00fc\u00e7\u00fck banyolar i\u00e7in de uygundur.Mat beyaz, parlak veya renkli d\u0131\u015f kaplamal\u0131 versiyonlar\u0131 mevcuttur.\",\"breadcrumb\":{\"@id\":\"https:\\\/\\\/bathhere.com\\\/?product=hydrotherapy-dus-basligi-matt-brushed-copper-2#breadcrumb\"},\"inLanguage\":\"en\",\"potentialAction\":[{\"@type\":\"ReadAction\",\"target\":[\"https:\\\/\\\/bathhere.com\\\/?product=hydrotherapy-dus-basligi-matt-brushed-copper-2\"]}]},{\"@type\":\"ImageObject\",\"inLanguage\":\"en\",\"@id\":\"https:\\\/\\\/bathhere.com\\\/?product=hydrotherapy-dus-basligi-matt-brushed-copper-2#primaryimage\",\"url\":\"https:\\\/\\\/bathhere.com\\\/wp-content\\\/uploads\\\/2024\\\/07\\\/Griferias_Maier_Hydrotheraphy_60_hydro_ambient_1.jpg\",\"contentUrl\":\"https:\\\/\\\/bathhere.com\\\/wp-content\\\/uploads\\\/2024\\\/07\\\/Griferias_Maier_Hydrotheraphy_60_hydro_ambient_1.jpg\",\"width\":1080,\"height\":1380},{\"@type\":\"BreadcrumbList\",\"@id\":\"https:\\\/\\\/bathhere.com\\\/?product=hydrotherapy-dus-basligi-matt-brushed-copper-2#breadcrumb\",\"itemListElement\":[{\"@type\":\"ListItem\",\"position\":1,\"name\":\"Anasayfa\",\"item\":\"https:\\\/\\\/bathhere.com\\\/\"},{\"@type\":\"ListItem\",\"position\":2,\"name\":\"Products\",\"item\":\"https:\\\/\\\/bathhere.com\\\/?post_type=product\"},{\"@type\":\"ListItem\",\"position\":3,\"name\":\"Hydrotherapy Du\u015f Ba\u015fl\u0131\u011f\u0131 Matt Brushed Copper\"}]},{\"@type\":\"WebSite\",\"@id\":\"https:\\\/\\\/bathhere.com\\\/#website\",\"url\":\"https:\\\/\\\/bathhere.com\\\/\",\"name\":\"bathhere\",\"description\":\"L&uuml;ks modern mimari dekorasyon &uuml;r&uuml;nleri\",\"publisher\":{\"@id\":\"https:\\\/\\\/bathhere.com\\\/#organization\"},\"alternateName\":\"https:\\\/\\\/aksesuardesign.com\\\/\",\"potentialAction\":[{\"@type\":\"SearchAction\",\"target\":{\"@type\":\"EntryPoint\",\"urlTemplate\":\"https:\\\/\\\/bathhere.com\\\/?s={search_term_string}\"},\"query-input\":{\"@type\":\"PropertyValueSpecification\",\"valueRequired\":true,\"valueName\":\"search_term_string\"}}],\"inLanguage\":\"en\"},{\"@type\":\"Organization\",\"@id\":\"https:\\\/\\\/bathhere.com\\\/#organization\",\"name\":\"Aksesuar Design\",\"url\":\"https:\\\/\\\/bathhere.com\\\/\",\"logo\":{\"@type\":\"ImageObject\",\"inLanguage\":\"en\",\"@id\":\"https:\\\/\\\/bathhere.com\\\/#\\\/schema\\\/logo\\\/image\\\/\",\"url\":\"https:\\\/\\\/bathhere.com\\\/wp-content\\\/uploads\\\/2021\\\/09\\\/cropped-Asset-12-300x56-1.png\",\"contentUrl\":\"https:\\\/\\\/bathhere.com\\\/wp-content\\\/uploads\\\/2021\\\/09\\\/cropped-Asset-12-300x56-1.png\",\"width\":300,\"height\":56,\"caption\":\"Aksesuar Design\"},\"image\":{\"@id\":\"https:\\\/\\\/bathhere.com\\\/#\\\/schema\\\/logo\\\/image\\\/\"},\"sameAs\":[\"https:\\\/\\\/www.instagram.com\\\/aksesuardesign\\\/\"]}]}<\/script>\n<!-- \/ Yoast SEO Premium plugin. -->","yoast_head_json":{"title":"Hydrotherapy Du\u015f Ba\u015fl\u0131\u011f\u0131 Matt Brushed Copper - Bathhere online shopping","description":"Treesse'nin Vera oval k\u00fcveti, sa\u011flam y\u00fczeyden yap\u0131lm\u0131\u015f ba\u011f\u0131ms\u0131z bir k\u00fcvettir. Zarif, ba\u011f\u0131ms\u0131z bir k\u00fcvettir; ola\u011fan\u00fcst\u00fc g\u00f6rsel dengeye sahip estetik bir \u00e7\u00f6z\u00fcmd\u00fcr ve mevcut bir\u00e7ok y\u00fczey se\u00e7ene\u011fi sayesinde her t\u00fcrl\u00fc banyoya entegre edilebilir. Kompakt boyutlar\u0131 sayesinde k\u00fc\u00e7\u00fck banyolar i\u00e7in de uygundur.Mat beyaz, parlak veya renkli d\u0131\u015f kaplamal\u0131 versiyonlar\u0131 mevcuttur.","robots":{"index":"index","follow":"follow","max-snippet":"max-snippet:-1","max-image-preview":"max-image-preview:large","max-video-preview":"max-video-preview:-1"},"canonical":"https:\/\/bathhere.com\/?product=hydrotherapy-dus-basligi-matt-brushed-copper-2","og_locale":"en_US","og_type":"article","og_title":"Hydrotherapy Du\u015f Ba\u015fl\u0131\u011f\u0131 Matt Brushed Copper","og_description":"Treesse'nin Vera oval k\u00fcveti, sa\u011flam y\u00fczeyden yap\u0131lm\u0131\u015f ba\u011f\u0131ms\u0131z bir k\u00fcvettir. Zarif, ba\u011f\u0131ms\u0131z bir k\u00fcvettir; ola\u011fan\u00fcst\u00fc g\u00f6rsel dengeye sahip estetik bir \u00e7\u00f6z\u00fcmd\u00fcr ve mevcut bir\u00e7ok y\u00fczey se\u00e7ene\u011fi sayesinde her t\u00fcrl\u00fc banyoya entegre edilebilir. Kompakt boyutlar\u0131 sayesinde k\u00fc\u00e7\u00fck banyolar i\u00e7in de uygundur.Mat beyaz, parlak veya renkli d\u0131\u015f kaplamal\u0131 versiyonlar\u0131 mevcuttur.","og_url":"https:\/\/bathhere.com\/?product=hydrotherapy-dus-basligi-matt-brushed-copper-2","og_site_name":"Bathhere online shopping","article_modified_time":"2024-07-16T10:21:12+00:00","og_image":[{"width":1080,"height":1380,"url":"https:\/\/bathhere.com\/wp-content\/uploads\/2024\/07\/Griferias_Maier_Hydrotheraphy_60_hydro_ambient_1.jpg","type":"image\/jpeg"}],"twitter_card":"summary_large_image","twitter_misc":{"Est. reading time":"1 minute"},"schema":{"@context":"https:\/\/schema.org","@graph":[{"@type":"WebPage","@id":"https:\/\/bathhere.com\/?product=hydrotherapy-dus-basligi-matt-brushed-copper-2","url":"https:\/\/bathhere.com\/?product=hydrotherapy-dus-basligi-matt-brushed-copper-2","name":"Hydrotherapy Du\u015f Ba\u015fl\u0131\u011f\u0131 Matt Brushed Copper - Bathhere online shopping","isPartOf":{"@id":"https:\/\/bathhere.com\/#website"},"primaryImageOfPage":{"@id":"https:\/\/bathhere.com\/?product=hydrotherapy-dus-basligi-matt-brushed-copper-2#primaryimage"},"image":{"@id":"https:\/\/bathhere.com\/?product=hydrotherapy-dus-basligi-matt-brushed-copper-2#primaryimage"},"thumbnailUrl":"https:\/\/bathhere.com\/wp-content\/uploads\/2024\/07\/Griferias_Maier_Hydrotheraphy_60_hydro_ambient_1.jpg","datePublished":"2024-07-16T10:20:42+00:00","dateModified":"2024-07-16T10:21:12+00:00","description":"Treesse'nin Vera oval k\u00fcveti, sa\u011flam y\u00fczeyden yap\u0131lm\u0131\u015f ba\u011f\u0131ms\u0131z bir k\u00fcvettir. Zarif, ba\u011f\u0131ms\u0131z bir k\u00fcvettir; ola\u011fan\u00fcst\u00fc g\u00f6rsel dengeye sahip estetik bir \u00e7\u00f6z\u00fcmd\u00fcr ve mevcut bir\u00e7ok y\u00fczey se\u00e7ene\u011fi sayesinde her t\u00fcrl\u00fc banyoya entegre edilebilir. Kompakt boyutlar\u0131 sayesinde k\u00fc\u00e7\u00fck banyolar i\u00e7in de uygundur.Mat beyaz, parlak veya renkli d\u0131\u015f kaplamal\u0131 versiyonlar\u0131 mevcuttur.","breadcrumb":{"@id":"https:\/\/bathhere.com\/?product=hydrotherapy-dus-basligi-matt-brushed-copper-2#breadcrumb"},"inLanguage":"en","potentialAction":[{"@type":"ReadAction","target":["https:\/\/bathhere.com\/?product=hydrotherapy-dus-basligi-matt-brushed-copper-2"]}]},{"@type":"ImageObject","inLanguage":"en","@id":"https:\/\/bathhere.com\/?product=hydrotherapy-dus-basligi-matt-brushed-copper-2#primaryimage","url":"https:\/\/bathhere.com\/wp-content\/uploads\/2024\/07\/Griferias_Maier_Hydrotheraphy_60_hydro_ambient_1.jpg","contentUrl":"https:\/\/bathhere.com\/wp-content\/uploads\/2024\/07\/Griferias_Maier_Hydrotheraphy_60_hydro_ambient_1.jpg","width":1080,"height":1380},{"@type":"BreadcrumbList","@id":"https:\/\/bathhere.com\/?product=hydrotherapy-dus-basligi-matt-brushed-copper-2#breadcrumb","itemListElement":[{"@type":"ListItem","position":1,"name":"Anasayfa","item":"https:\/\/bathhere.com\/"},{"@type":"ListItem","position":2,"name":"Products","item":"https:\/\/bathhere.com\/?post_type=product"},{"@type":"ListItem","position":3,"name":"Hydrotherapy Du\u015f Ba\u015fl\u0131\u011f\u0131 Matt Brushed Copper"}]},{"@type":"WebSite","@id":"https:\/\/bathhere.com\/#website","url":"https:\/\/bathhere.com\/","name":"bathhere","description":"L&uuml;ks modern mimari dekorasyon &uuml;r&uuml;nleri","publisher":{"@id":"https:\/\/bathhere.com\/#organization"},"alternateName":"https:\/\/aksesuardesign.com\/","potentialAction":[{"@type":"SearchAction","target":{"@type":"EntryPoint","urlTemplate":"https:\/\/bathhere.com\/?s={search_term_string}"},"query-input":{"@type":"PropertyValueSpecification","valueRequired":true,"valueName":"search_term_string"}}],"inLanguage":"en"},{"@type":"Organization","@id":"https:\/\/bathhere.com\/#organization","name":"Aksesuar Design","url":"https:\/\/bathhere.com\/","logo":{"@type":"ImageObject","inLanguage":"en","@id":"https:\/\/bathhere.com\/#\/schema\/logo\/image\/","url":"https:\/\/bathhere.com\/wp-content\/uploads\/2021\/09\/cropped-Asset-12-300x56-1.png","contentUrl":"https:\/\/bathhere.com\/wp-content\/uploads\/2021\/09\/cropped-Asset-12-300x56-1.png","width":300,"height":56,"caption":"Aksesuar Design"},"image":{"@id":"https:\/\/bathhere.com\/#\/schema\/logo\/image\/"},"sameAs":["https:\/\/www.instagram.com\/aksesuardesign\/"]}]}},"brands":[{"id":5294,"name":"MAIER","slug":"maier"}],"_links":{"self":[{"href":"https:\/\/bathhere.com\/index.php?rest_route=\/wp\/v2\/product\/13626","targetHints":{"allow":["GET"]}}],"collection":[{"href":"https:\/\/bathhere.com\/index.php?rest_route=\/wp\/v2\/product"}],"about":[{"href":"https:\/\/bathhere.com\/index.php?rest_route=\/wp\/v2\/types\/product"}],"replies":[{"embeddable":true,"href":"https:\/\/bathhere.com\/index.php?rest_route=%2Fwp%2Fv2%2Fcomments&post=13626"}],"wp:featuredmedia":[{"embeddable":true,"href":"https:\/\/bathhere.com\/index.php?rest_route=\/wp\/v2\/media\/13616"}],"wp:attachment":[{"href":"https:\/\/bathhere.com\/index.php?rest_route=%2Fwp%2Fv2%2Fmedia&parent=13626"}],"wp:term":[{"taxonomy":"pwb-brand","embeddable":true,"href":"https:\/\/bathhere.com\/index.php?rest_route=%2Fwp%2Fv2%2Fpwb-brand&post=13626"},{"taxonomy":"product_brand","embeddable":true,"href":"https:\/\/bathhere.com\/index.php?rest_route=%2Fwp%2Fv2%2Fproduct_brand&post=13626"},{"taxonomy":"product_cat","embeddable":true,"href":"https:\/\/bathhere.com\/index.php?rest_route=%2Fwp%2Fv2%2Fproduct_cat&post=13626"},{"taxonomy":"product_tag","embeddable":true,"href":"https:\/\/bathhere.com\/index.php?rest_route=%2Fwp%2Fv2%2Fproduct_tag&post=13626"},{"taxonomy":"berocket_brand","embeddable":true,"href":"https:\/\/bathhere.com\/index.php?rest_route=%2Fwp%2Fv2%2Fberocket_brand&post=13626"}],"curies":[{"name":"wp","href":"https:\/\/api.w.org\/{rel}","templated":true}]}}